{"id":6594,"date":"2019-09-13T18:59:35","date_gmt":"2019-09-13T18:59:35","guid":{"rendered":"http:\/\/koolboards.me\/?product=662-charger-boogie-board-37"},"modified":"2023-04-08T19:26:21","modified_gmt":"2023-04-08T19:26:21","slug":"662-charger-boogie-board-37","status":"publish","type":"product","link":"https:\/\/koolboards.me\/?product=662-charger-boogie-board-37","title":{"rendered":"662 Charger Boogie Board 37&#8243;"},"content":{"rendered":"<p><!-- show up to 2 reviews by default -->                                         <\/p>\n<p>The 662 Charger bodyboard will get you all set for a ton of fun in the water. FEATURES &#8211; GRAPHIC FIBERCLAD COVER &#8211; PRE-PLUGGED WITH WRIST LEASH &#8211; HIGH-DENSITY POLYSTYRENE CORE CARACT\u00c9RISTIQUES TECHNIQUES &#8211; RECOUVERT D&#8217; UN TISSU GRAOHIQUE &#8211; ATTACHE POIGNET D\u00c9J\u00c0 INSTALL\u00c9 &#8211; NOYAU EN POLYSTYR\u00c8NE HAUTE DENSIT\u00c9 CARACTERISTICAS &#8211; CUBIERTA GR\u00c1FICA DE FIBERCLAD &#8211; PRE-ENCHUFE CON CORREA DE PULSERA &#8211; NIVEL DE POLIESTIRENO DE ALTA DENSIDAD    <\/p>\n<p>Make sure this fits                by entering your model number.<br \/>\nGraphic fiber clad cover<br \/>\nPre plugged with wrist leash<br \/>\nHigh density polystyrene core<br \/>\nGreat for the beach, pool, or lakes<br \/>\nBoard is 37&#8243; long<\/p>\n","protected":false},"excerpt":{"rendered":"<p>Make sure this fits                by entering your model number.<br \/>\nGraphic fiber clad cover<br \/>\nPre plugged with wrist leash<\/p>\n","protected":false},"featured_media":6595,"comment_status":"open","ping_status":"closed","template":"","meta":{"_monsterinsights_skip_tracking":false,"_monsterinsights_sitenote_active":false,"_monsterinsights_sitenote_note":"","_monsterinsights_sitenote_category":0},"class_list":{"0":"post-6594","1":"product","2":"type-product","3":"status-publish","4":"has-post-thumbnail","6":"product_cat-bodyboards","7":"pa_brand-463","9":"first","10":"instock","11":"shipping-taxable","12":"product-type-external"},"_links":{"self":[{"href":"https:\/\/koolboards.me\/index.php?rest_route=\/wp\/v2\/product\/6594","targetHints":{"allow":["GET"]}}],"collection":[{"href":"https:\/\/koolboards.me\/index.php?rest_route=\/wp\/v2\/product"}],"about":[{"href":"https:\/\/koolboards.me\/index.php?rest_route=\/wp\/v2\/types\/product"}],"replies":[{"embeddable":true,"href":"https:\/\/koolboards.me\/index.php?rest_route=%2Fwp%2Fv2%2Fcomments&post=6594"}],"wp:featuredmedia":[{"embeddable":true,"href":"https:\/\/koolboards.me\/index.php?rest_route=\/wp\/v2\/media\/6595"}],"wp:attachment":[{"href":"https:\/\/koolboards.me\/index.php?rest_route=%2Fwp%2Fv2%2Fmedia&parent=6594"}],"curies":[{"name":"wp","href":"https:\/\/api.w.org\/{rel}","templated":true}]}}